{"id":151,"date":"2026-03-18T05:46:38","date_gmt":"2026-03-18T05:46:38","guid":{"rendered":"https:\/\/ceppi.cl\/ceppi\/?page_id=151"},"modified":"2026-04-17T18:59:20","modified_gmt":"2026-04-17T18:59:20","slug":"paga-aqui-tu-mensualidad","status":"publish","type":"page","link":"https:\/\/ceppi.cl\/ceppi\/index.php\/paga-aqui-tu-mensualidad\/","title":{"rendered":"PAGA AQU\u00cd TU MENSUALIDAD"},"content":{"rendered":"\n<figure class=\"wp-block-image aligncenter\"><a href=\"https:\/\/app.membrezia.cl\/pagar\"><img decoding=\"async\" src=\"https:\/\/ceppi.cl\/wp-content\/uploads\/2025\/05\/logo-membrezia-1.svg\" alt=\"\" class=\"wp-image-484\"\/><\/a><\/figure>\n\n\n\n<p><strong>Habilitamos una nueva forma de pago para hacerte la vida mas facil.<\/strong><\/p>\n\n\n\n<p>M\u00e1s r\u00e1pida, m\u00e1s c\u00f3moda y mas \u00e1gil.<\/p>\n\n\n\n<ul class=\"wp-block-list\">\n<li class=\"has-medium-font-size\">Tu pago se acreditar\u00e1 en minutos.<\/li>\n\n\n\n<li>Podr\u00e1s llevar el control de lo que has pagado.<\/li>\n<\/ul>\n\n\n\n<figure class=\"wp-block-image size-full is-resized is-style-default\" style=\"margin-top:0;margin-bottom:0\"><a href=\"https:\/\/app.membrezia.cl\/pagar\"><img loading=\"lazy\" decoding=\"async\" width=\"510\" height=\"436\" src=\"https:\/\/ceppi.cl\/ceppi\/wp-content\/uploads\/2026\/04\/PAGAAQUI.png\" alt=\"\" class=\"wp-image-287\" style=\"aspect-ratio:1;object-fit:cover;width:278px;height:auto\" srcset=\"https:\/\/ceppi.cl\/ceppi\/wp-content\/uploads\/2026\/04\/PAGAAQUI.png 510w, https:\/\/ceppi.cl\/ceppi\/wp-content\/uploads\/2026\/04\/PAGAAQUI-300x256.png 300w\" sizes=\"auto, (max-width: 510px) 100vw, 510px\" \/><\/a><\/figure>\n\n\n\n<h4 class=\"wp-block-heading\"><a href=\"https:\/\/app.membrezia.cl\/pagar\">https:\/\/app.membrezia.cl\/pagar<\/a><\/h4>\n\n\n\n<p>#vamospormas<\/p>\n\n\n\n<p>#vamosceppi<\/p>\n\n\n\n<p><\/p>\n","protected":false},"excerpt":{"rendered":"<p>Habilitamos una nueva forma de pago para hacerte la vida mas facil. M\u00e1s r\u00e1pida, m\u00e1s c\u00f3moda y mas \u00e1gil. https:\/\/app.membrezia.cl\/pagar #vamospormas #vamosceppi<\/p>\n","protected":false},"author":1,"featured_media":0,"parent":0,"menu_order":0,"comment_status":"closed","ping_status":"closed","template":"","meta":{"footnotes":""},"class_list":["post-151","page","type-page","status-publish","hentry"],"_links":{"self":[{"href":"https:\/\/ceppi.cl\/ceppi\/index.php\/wp-json\/wp\/v2\/pages\/151","targetHints":{"allow":["GET"]}}],"collection":[{"href":"https:\/\/ceppi.cl\/ceppi\/index.php\/wp-json\/wp\/v2\/pages"}],"about":[{"href":"https:\/\/ceppi.cl\/ceppi\/index.php\/wp-json\/wp\/v2\/types\/page"}],"author":[{"embeddable":true,"href":"https:\/\/ceppi.cl\/ceppi\/index.php\/wp-json\/wp\/v2\/users\/1"}],"replies":[{"embeddable":true,"href":"https:\/\/ceppi.cl\/ceppi\/index.php\/wp-json\/wp\/v2\/comments?post=151"}],"version-history":[{"count":8,"href":"https:\/\/ceppi.cl\/ceppi\/index.php\/wp-json\/wp\/v2\/pages\/151\/revisions"}],"predecessor-version":[{"id":291,"href":"https:\/\/ceppi.cl\/ceppi\/index.php\/wp-json\/wp\/v2\/pages\/151\/revisions\/291"}],"wp:attachment":[{"href":"https:\/\/ceppi.cl\/ceppi\/index.php\/wp-json\/wp\/v2\/media?parent=151"}],"curies":[{"name":"wp","href":"https:\/\/api.w.org\/{rel}","templated":true}]}}