{"id":146,"date":"2026-03-18T05:34:34","date_gmt":"2026-03-18T05:34:34","guid":{"rendered":"https:\/\/ceppi.cl\/ceppi\/?page_id=146"},"modified":"2026-03-18T13:13:21","modified_gmt":"2026-03-18T13:13:21","slug":"historia","status":"publish","type":"page","link":"https:\/\/ceppi.cl\/ceppi\/index.php\/historia\/","title":{"rendered":"Historia"},"content":{"rendered":"\n<div class=\"wp-block-group alignwide is-layout-flow wp-block-group-is-layout-flow\" style=\"padding-top:var(--wp--preset--spacing--30);padding-bottom:var(--wp--preset--spacing--30)\">\n<div class=\"wp-block-columns alignwide are-vertically-aligned-center is-layout-flex wp-container-core-columns-is-layout-1d9f35bd wp-block-columns-is-layout-flex\">\n<div class=\"wp-block-column is-vertically-aligned-center is-layout-flow wp-container-core-column-is-layout-e3d1c41b wp-block-column-is-layout-flow\" style=\"flex-basis:100%\">\n<div class=\"wp-block-group has-global-padding is-layout-constrained wp-container-core-group-is-layout-92b9201d wp-block-group-is-layout-constrained\">\n<p>Corr\u00eda all\u00e1 por el a\u00f1o 1950, un grupo de entusiastas j\u00f3venes con inquietudes, diferentes a las normales en esa \u00e9poca, se proponen el consolidar sus sue\u00f1os de convertir su agrupaci\u00f3n en una Instituci\u00f3n deportiva, sin m\u00e1s pretensiones que complicarse la vida en favor de ellos y de los dem\u00e1s.<\/p>\n\n\n\n<p>Nace as\u00ed, circunstancialmente, un gran grupo de socios y dirigentes que le dan vida inicial al hoy d\u00eda glorioso&nbsp;<strong>Club Deportivo Sergio Ceppi<\/strong>&nbsp;, llamado as\u00ed en honor al socio honorario de la Instituci\u00f3n, don&nbsp;<strong>Sergio Ceppi Mayol de Lupe<\/strong>, qui\u00e9n cedi\u00f3 en su momento el terreno en donde se construy\u00f3 la cancha y sede del Club, autorizando adem\u00e1s el uso de su nombre para llamar al Club.<\/p>\n\n\n\n<p>Queremos testimoniar en estas l\u00edneas algunos de los momentos mas trascendentes en la vida de nuestro Club.<\/p>\n\n\n\n<p><strong>Fue fundado el 4 de Noviembre de 1950<\/strong>, fecha de su primera reuni\u00f3n. Unos a\u00f1os despu\u00e9s un grupo de esforzados socios se dedica a despejar de plant\u00edos de ma\u00edz el sitio que por acuerdo de la Junta de Vecinos de la \u00e9poca se ced\u00eda para el funcionamiento del Club, nace as\u00ed la primera cancha.<\/p>\n\n\n\n<p>A fines de esta d\u00e9cada ocurre una lamentable p\u00e9rdida para la instituci\u00f3n, se incendia la sede y la casa del cuidador, con la destrucci\u00f3n de todos sus archivos y bienes adquiridos a la fecha. Recordamos en esta etapa, especialmente, al socio fundador&nbsp;<strong>Ricardo Stuardo Stuardo<\/strong>, qui\u00e9n ocup\u00f3 la presidencia del Club en innumerables periodos, siendo \u00e9l uno de los responsables de los primeros logros institucionales y deportivos del Club<\/p>\n\n\n\n<p>Transcurridos mas de 15 a\u00f1os de funcionamiento de hecho y por acuerdo de la Asamblea se lleva a efecto, con fecha&nbsp;<strong>17 de Abril de 1966<\/strong>, la Sesi\u00f3n Constitutiva, presidida entonces por el se\u00f1or&nbsp;<strong>Jos\u00e9 Santana C\u00e1ceres<\/strong>, secundado por los siguientes Directores:&nbsp;<strong>Luis Humberto Pino; Luis Pino Palma; Angelina Mart\u00ednez Vergara; Jaime Ureta \u00c1lvarez; Sergio Jerez Riquelme y Zulema Palma Rodr\u00edguez<\/strong>&nbsp;y con la asistencia de veintiocho socios activos. En dicha reuni\u00f3n se aprueban los estatutos que rigen actualmente al Club y se inicia la tramitaci\u00f3n de la Personer\u00eda Jur\u00eddica.<\/p>\n\n\n\n<p>Ese mismo a\u00f1o le es concedida la&nbsp;<strong>Personalidad Jur\u00eddica por Decreto N\u00b0 2941<\/strong>, de fecha&nbsp;<strong>20 de Diciembre<\/strong>, seg\u00fan es publicado en el Diario Oficial de la Rep\u00fablica de Chile N\u00b0 26.660, en su p\u00e1gina cuatro (Febrero 1967)<\/p>\n\n\n\n<p>A mediados de la d\u00e9cada de los ochenta inicia su funcionamiento la Escuela de B\u00e1squetbol, en donde se da comienzo lentamente a la nueva etapa deportiva del Club la cual ha perdurado hasta nuestros d\u00edas.<\/p>\n\n\n\n<p class=\"has-text-align-left has-content-tertiary-color has-text-color has-link-color wp-elements-6185e28994686a59ddacf554458e5086\" style=\"line-height:1.4\">En la actualidad nuestro club es considerado uno de las mas importantes instituciones formadoras de Basquetbolistas, generando anualmente seleccionados de Santiago y tambi\u00e9n Seleccionados Chilenos.<\/p>\n<\/div>\n<\/div>\n<\/div>\n<\/div>\n\n\n\n<figure class=\"wp-block-video\"><video height=\"406\" style=\"aspect-ratio: 720 \/ 406;\" width=\"720\" controls src=\"https:\/\/ceppi.cl\/ceppi\/wp-content\/uploads\/2026\/03\/noche-ceppiana.mov\"><\/video><\/figure>\n","protected":false},"excerpt":{"rendered":"<p>Corr\u00eda all\u00e1 por el a\u00f1o 1950, un grupo de entusiastas j\u00f3venes con inquietudes, diferentes a las normales en esa \u00e9poca, se proponen el consolidar sus sue\u00f1os de convertir su agrupaci\u00f3n en una Instituci\u00f3n deportiva, sin m\u00e1s pretensiones que complicarse la vida en favor de ellos y de los dem\u00e1s. Nace as\u00ed, circunstancialmente, un gran grupo [&hellip;]<\/p>\n","protected":false},"author":1,"featured_media":0,"parent":0,"menu_order":0,"comment_status":"closed","ping_status":"closed","template":"","meta":{"footnotes":""},"class_list":["post-146","page","type-page","status-publish","hentry"],"_links":{"self":[{"href":"https:\/\/ceppi.cl\/ceppi\/index.php\/wp-json\/wp\/v2\/pages\/146","targetHints":{"allow":["GET"]}}],"collection":[{"href":"https:\/\/ceppi.cl\/ceppi\/index.php\/wp-json\/wp\/v2\/pages"}],"about":[{"href":"https:\/\/ceppi.cl\/ceppi\/index.php\/wp-json\/wp\/v2\/types\/page"}],"author":[{"embeddable":true,"href":"https:\/\/ceppi.cl\/ceppi\/index.php\/wp-json\/wp\/v2\/users\/1"}],"replies":[{"embeddable":true,"href":"https:\/\/ceppi.cl\/ceppi\/index.php\/wp-json\/wp\/v2\/comments?post=146"}],"version-history":[{"count":3,"href":"https:\/\/ceppi.cl\/ceppi\/index.php\/wp-json\/wp\/v2\/pages\/146\/revisions"}],"predecessor-version":[{"id":173,"href":"https:\/\/ceppi.cl\/ceppi\/index.php\/wp-json\/wp\/v2\/pages\/146\/revisions\/173"}],"wp:attachment":[{"href":"https:\/\/ceppi.cl\/ceppi\/index.php\/wp-json\/wp\/v2\/media?parent=146"}],"curies":[{"name":"wp","href":"https:\/\/api.w.org\/{rel}","templated":true}]}}